{"id":16,"date":"2025-09-24T13:54:57","date_gmt":"2025-09-24T13:54:57","guid":{"rendered":"https:\/\/maval2018.rkinformatika.online\/?page_id=16"},"modified":"2025-10-17T08:38:18","modified_gmt":"2025-10-17T08:38:18","slug":"servicios","status":"publish","type":"page","link":"https:\/\/maval2018.com\/eu\/servicios\/","title":{"rendered":"Zerbitzuak"},"content":{"rendered":"<div data-elementor-type=\"wp-page\" data-elementor-id=\"16\" class=\"elementor elementor-16\" data-elementor-post-type=\"page\">\n\t\t\t\t<div class=\"elementor-element elementor-element-f6b69ac e-con-full e-flex e-con e-parent\" data-id=\"f6b69ac\" data-element_type=\"container\" data-e-type=\"container\" data-settings=\"{&quot;background_background&quot;:&quot;classic&quot;}\">\n\t\t<div class=\"elementor-element elementor-element-8f640d0 e-con-full e-flex e-con e-child\" data-id=\"8f640d0\" data-element_type=\"container\" data-e-type=\"container\">\n\t\t\t\t<div class=\"elementor-element elementor-element-827b71f elementor-invisible elementor-widget elementor-widget-heading\" data-id=\"827b71f\" data-element_type=\"widget\" data-e-type=\"widget\" data-settings=\"{&quot;_animation&quot;:&quot;fadeInRight&quot;}\" data-widget_type=\"heading.default\">\n\t\t\t\t\t<h2 class=\"elementor-heading-title elementor-size-default\">Zerbitzuak<\/h2>\t\t\t\t<\/div>\n\t\t\t\t<\/div>\n\t\t\t\t<\/div>\n\t\t<div class=\"elementor-element elementor-element-7bd9795 e-flex e-con-boxed e-con e-parent\" data-id=\"7bd9795\" data-element_type=\"container\" data-e-type=\"container\" data-settings=\"{&quot;background_background&quot;:&quot;classic&quot;}\">\n\t\t\t\t\t<div class=\"e-con-inner\">\n\t\t\t\t<div class=\"elementor-element elementor-element-c262736 elementor-widget elementor-widget-heading\" data-id=\"c262736\" data-element_type=\"widget\" data-e-type=\"widget\" data-widget_type=\"heading.default\">\n\t\t\t\t\t<h2 class=\"elementor-heading-title elementor-size-default\">Nuestra historia contin\u00faa contigo: conoce nuestros servicios y descubre todo lo que podemos lograr juntos.<\/h2>\t\t\t\t<\/div>\n\t\t\t\t\t<\/div>\n\t\t\t\t<\/div>\n\t\t<div class=\"elementor-element elementor-element-0c428f2 e-flex e-con-boxed e-con e-parent\" data-id=\"0c428f2\" data-element_type=\"container\" data-e-type=\"container\" data-settings=\"{&quot;background_background&quot;:&quot;classic&quot;}\">\n\t\t\t\t\t<div class=\"e-con-inner\">\n\t\t\t\t<div class=\"elementor-element elementor-element-d3f950c elementor-widget-mobile__width-inherit elementor-widget elementor-widget-image-box\" data-id=\"d3f950c\" data-element_type=\"widget\" data-e-type=\"widget\" data-widget_type=\"image-box.default\">\n\t\t\t\t\t<div class=\"elementor-image-box-wrapper\"><div class=\"elementor-image-box-content\"><h3 class=\"elementor-image-box-title\">Calderer\u00eda pesada y ligera<\/h3><p class=\"elementor-image-box-description\">Fabricaci\u00f3n y montaje de elementos met\u00e1licos adaptados a cada necesidad.<\/p><\/div><\/div>\t\t\t\t<\/div>\n\t\t\t\t<div class=\"elementor-element elementor-element-337e9dd elementor-widget-mobile__width-inherit elementor-widget elementor-widget-image-box\" data-id=\"337e9dd\" data-element_type=\"widget\" data-e-type=\"widget\" data-widget_type=\"image-box.default\">\n\t\t\t\t\t<div class=\"elementor-image-box-wrapper\"><div class=\"elementor-image-box-content\"><h3 class=\"elementor-image-box-title\">Soldadura industrial<\/h3><p class=\"elementor-image-box-description\">Ejecutamos trabajos de soldadura con personal cualificado y resultados precisos.<\/p><\/div><\/div>\t\t\t\t<\/div>\n\t\t\t\t<div class=\"elementor-element elementor-element-45c1e54 elementor-widget-mobile__width-inherit elementor-widget elementor-widget-image-box\" data-id=\"45c1e54\" data-element_type=\"widget\" data-e-type=\"widget\" data-widget_type=\"image-box.default\">\n\t\t\t\t\t<div class=\"elementor-image-box-wrapper\"><div class=\"elementor-image-box-content\"><h3 class=\"elementor-image-box-title\">Mecanizado de piezas<\/h3><p class=\"elementor-image-box-description\">Producci\u00f3n y ajuste de componentes met\u00e1licos con altos est\u00e1ndares de precisi\u00f3n.<\/p><\/div><\/div>\t\t\t\t<\/div>\n\t\t\t\t\t<\/div>\n\t\t\t\t<\/div>\n\t\t<div class=\"elementor-element elementor-element-eec0522 e-flex e-con-boxed e-con e-parent\" data-id=\"eec0522\" data-element_type=\"container\" data-e-type=\"container\" data-settings=\"{&quot;background_background&quot;:&quot;classic&quot;}\">\n\t\t\t\t\t<div class=\"e-con-inner\">\n\t\t\t\t<div class=\"elementor-element elementor-element-5c50bd9 elementor-widget-mobile__width-inherit elementor-widget elementor-widget-image-box\" data-id=\"5c50bd9\" data-element_type=\"widget\" data-e-type=\"widget\" data-widget_type=\"image-box.default\">\n\t\t\t\t\t<div class=\"elementor-image-box-wrapper\"><div class=\"elementor-image-box-content\"><h3 class=\"elementor-image-box-title\">Montajes industriales y navales<\/h3><p class=\"elementor-image-box-description\">Montajes estructurales y mec\u00e1nicos en entornos industriales y mar\u00edtimos.<\/p><\/div><\/div>\t\t\t\t<\/div>\n\t\t\t\t<div class=\"elementor-element elementor-element-7f2d319 elementor-widget-mobile__width-inherit elementor-widget elementor-widget-image-box\" data-id=\"7f2d319\" data-element_type=\"widget\" data-e-type=\"widget\" data-widget_type=\"image-box.default\">\n\t\t\t\t\t<div class=\"elementor-image-box-wrapper\"><div class=\"elementor-image-box-content\"><h3 class=\"elementor-image-box-title\">Estructuras met\u00e1licas<\/h3><p class=\"elementor-image-box-description\">Fabricaci\u00f3n y reparaci\u00f3n de estructuras robustas y seguras.<\/p><\/div><\/div>\t\t\t\t<\/div>\n\t\t\t\t<div class=\"elementor-element elementor-element-f50ea1a elementor-widget-mobile__width-inherit elementor-widget elementor-widget-image-box\" data-id=\"f50ea1a\" data-element_type=\"widget\" data-e-type=\"widget\" data-widget_type=\"image-box.default\">\n\t\t\t\t\t<div class=\"elementor-image-box-wrapper\"><div class=\"elementor-image-box-content\"><h3 class=\"elementor-image-box-title\">Mantenimiento en astilleros<\/h3><p class=\"elementor-image-box-description\">Servicios de reparaci\u00f3n y mantenimiento para embarcaciones e instalaciones navales.<\/p><\/div><\/div>\t\t\t\t<\/div>\n\t\t\t\t\t<\/div>\n\t\t\t\t<\/div>\n\t\t<div class=\"elementor-element elementor-element-85d86b7 e-con-full e-flex e-con e-parent\" data-id=\"85d86b7\" data-element_type=\"container\" data-e-type=\"container\" data-settings=\"{&quot;background_background&quot;:&quot;classic&quot;}\">\n\t\t\t\t<div class=\"elementor-element elementor-element-c6033dd elementor-cta--skin-cover elementor-animated-content elementor-bg-transform elementor-bg-transform-zoom-in elementor-widget elementor-widget-call-to-action\" data-id=\"c6033dd\" data-element_type=\"widget\" data-e-type=\"widget\" data-widget_type=\"call-to-action.default\">\n\t\t\t\t\t\t\t<div class=\"elementor-cta\">\n\t\t\t\t\t<div class=\"elementor-cta__bg-wrapper\">\n\t\t\t\t<div class=\"elementor-cta__bg elementor-bg\" style=\"background-image: url(https:\/\/maval2018.com\/wp-content\/uploads\/2025\/10\/17136-1024x683.jpg);\" role=\"img\" aria-label=\"17136\"><\/div>\n\t\t\t\t<div class=\"elementor-cta__bg-overlay\"><\/div>\n\t\t\t<\/div>\n\t\t\t\t\t\t\t<div class=\"elementor-cta__content\">\n\t\t\t\t\n\t\t\t\t\t\t\t\t\t<h2 class=\"elementor-cta__title elementor-cta__content-item elementor-content-item elementor-animated-item--grow\">\n\t\t\t\t\t\tAztertu gure soluzio industrialak.\t\t\t\t\t<\/h2>\n\t\t\t\t\n\t\t\t\t\t\t\t\t\t<div class=\"elementor-cta__description elementor-cta__content-item elementor-content-item elementor-animated-item--grow\">\n\t\t\t\t\t\tProiektu bakoitzak ahalegin eta dedikazio historia bat kontatzen du.\t\t\t\t\t<\/div>\n\t\t\t\t\n\t\t\t\t\t\t\t\t\t<div class=\"elementor-cta__button-wrapper elementor-cta__content-item elementor-content-item elementor-animated-item--grow\">\n\t\t\t\t\t<a class=\"elementor-cta__button elementor-button elementor-size-\" href=\"https:\/\/maval2018.com\/eu\/contactos\/\">\n\t\t\t\t\t\tContacto\t\t\t\t\t<\/a>\n\t\t\t\t\t<\/div>\n\t\t\t\t\t\t\t<\/div>\n\t\t\t\t\t\t<\/div>\n\t\t\t\t\t\t<\/div>\n\t\t\t\t<\/div>\n\t\t\t\t<\/div>","protected":false},"excerpt":{"rendered":"<p>Servicios Nuestra historia contin\u00faa contigo: conoce nuestros servicios y descubre todo lo que podemos lograr juntos. Calderer\u00eda pesada y ligera Fabricaci\u00f3n y montaje de elementos met\u00e1licos adaptados a cada necesidad. Soldadura industrial Ejecutamos trabajos de soldadura con personal cualificado y resultados precisos. Mecanizado de piezas Producci\u00f3n y ajuste de componentes met\u00e1licos con altos est\u00e1ndares de [&hellip;]<\/p>\n","protected":false},"author":1,"featured_media":0,"parent":0,"menu_order":0,"comment_status":"closed","ping_status":"closed","template":"elementor_canvas","meta":{"footnotes":""},"class_list":["post-16","page","type-page","status-publish","hentry"],"yoast_head":"<!-- This site is optimized with the Yoast SEO plugin v27.3 - https:\/\/yoast.com\/product\/yoast-seo-wordpress\/ -->\n<title>Servicios - Maval 2018<\/title>\n<meta name=\"robots\" content=\"index, follow, max-snippet:-1, max-image-preview:large, max-video-preview:-1\" \/>\n<link rel=\"canonical\" href=\"https:\/\/maval2018.com\/eu\/servicios\/\" \/>\n<meta property=\"og:locale\" content=\"en_US\" \/>\n<meta property=\"og:type\" content=\"article\" \/>\n<meta property=\"og:title\" content=\"Servicios - Maval 2018\" \/>\n<meta property=\"og:description\" content=\"Servicios Nuestra historia contin\u00faa contigo: conoce nuestros servicios y descubre todo lo que podemos lograr juntos. Calderer\u00eda pesada y ligera Fabricaci\u00f3n y montaje de elementos met\u00e1licos adaptados a cada necesidad. Soldadura industrial Ejecutamos trabajos de soldadura con personal cualificado y resultados precisos. Mecanizado de piezas Producci\u00f3n y ajuste de componentes met\u00e1licos con altos est\u00e1ndares de [&hellip;]\" \/>\n<meta property=\"og:url\" content=\"https:\/\/maval2018.com\/eu\/servicios\/\" \/>\n<meta property=\"og:site_name\" content=\"Maval 2018\" \/>\n<meta property=\"article:modified_time\" content=\"2025-10-17T08:38:18+00:00\" \/>\n<meta name=\"twitter:card\" content=\"summary_large_image\" \/>\n<meta name=\"twitter:label1\" content=\"Est. reading time\" \/>\n\t<meta name=\"twitter:data1\" content=\"1 minutua\" \/>\n<script type=\"application\/ld+json\" class=\"yoast-schema-graph\">{\"@context\":\"https:\\\/\\\/schema.org\",\"@graph\":[{\"@type\":\"WebPage\",\"@id\":\"https:\\\/\\\/maval2018.com\\\/servicios\\\/\",\"url\":\"https:\\\/\\\/maval2018.com\\\/servicios\\\/\",\"name\":\"Servicios - Maval 2018\",\"isPartOf\":{\"@id\":\"https:\\\/\\\/maval2018.com\\\/#website\"},\"datePublished\":\"2025-09-24T13:54:57+00:00\",\"dateModified\":\"2025-10-17T08:38:18+00:00\",\"breadcrumb\":{\"@id\":\"https:\\\/\\\/maval2018.com\\\/servicios\\\/#breadcrumb\"},\"inLanguage\":\"eu\",\"potentialAction\":[{\"@type\":\"ReadAction\",\"target\":[\"https:\\\/\\\/maval2018.com\\\/servicios\\\/\"]}]},{\"@type\":\"BreadcrumbList\",\"@id\":\"https:\\\/\\\/maval2018.com\\\/servicios\\\/#breadcrumb\",\"itemListElement\":[{\"@type\":\"ListItem\",\"position\":1,\"name\":\"Portada\",\"item\":\"https:\\\/\\\/maval2018.com\\\/\"},{\"@type\":\"ListItem\",\"position\":2,\"name\":\"Servicios\"}]},{\"@type\":\"WebSite\",\"@id\":\"https:\\\/\\\/maval2018.com\\\/#website\",\"url\":\"https:\\\/\\\/maval2018.com\\\/\",\"name\":\"Maval 2018\",\"description\":\"Construcci\u00f3n Naval\",\"publisher\":{\"@id\":\"https:\\\/\\\/maval2018.com\\\/#organization\"},\"potentialAction\":[{\"@type\":\"SearchAction\",\"target\":{\"@type\":\"EntryPoint\",\"urlTemplate\":\"https:\\\/\\\/maval2018.com\\\/?s={search_term_string}\"},\"query-input\":{\"@type\":\"PropertyValueSpecification\",\"valueRequired\":true,\"valueName\":\"search_term_string\"}}],\"inLanguage\":\"eu\"},{\"@type\":\"Organization\",\"@id\":\"https:\\\/\\\/maval2018.com\\\/#organization\",\"name\":\"Maval 2018\",\"url\":\"https:\\\/\\\/maval2018.com\\\/\",\"logo\":{\"@type\":\"ImageObject\",\"inLanguage\":\"eu\",\"@id\":\"https:\\\/\\\/maval2018.com\\\/#\\\/schema\\\/logo\\\/image\\\/\",\"url\":\"https:\\\/\\\/maval2018.com\\\/wp-content\\\/uploads\\\/2025\\\/10\\\/cropped-mavalgernika202508_logoarriba.jpg\",\"contentUrl\":\"https:\\\/\\\/maval2018.com\\\/wp-content\\\/uploads\\\/2025\\\/10\\\/cropped-mavalgernika202508_logoarriba.jpg\",\"width\":346,\"height\":112,\"caption\":\"Maval 2018\"},\"image\":{\"@id\":\"https:\\\/\\\/maval2018.com\\\/#\\\/schema\\\/logo\\\/image\\\/\"}}]}<\/script>\n<!-- \/ Yoast SEO plugin. -->","yoast_head_json":{"title":"Servicios - Maval 2018","robots":{"index":"index","follow":"follow","max-snippet":"max-snippet:-1","max-image-preview":"max-image-preview:large","max-video-preview":"max-video-preview:-1"},"canonical":"https:\/\/maval2018.com\/eu\/servicios\/","og_locale":"en_US","og_type":"article","og_title":"Servicios - Maval 2018","og_description":"Servicios Nuestra historia contin\u00faa contigo: conoce nuestros servicios y descubre todo lo que podemos lograr juntos. Calderer\u00eda pesada y ligera Fabricaci\u00f3n y montaje de elementos met\u00e1licos adaptados a cada necesidad. Soldadura industrial Ejecutamos trabajos de soldadura con personal cualificado y resultados precisos. Mecanizado de piezas Producci\u00f3n y ajuste de componentes met\u00e1licos con altos est\u00e1ndares de [&hellip;]","og_url":"https:\/\/maval2018.com\/eu\/servicios\/","og_site_name":"Maval 2018","article_modified_time":"2025-10-17T08:38:18+00:00","twitter_card":"summary_large_image","twitter_misc":{"Est. reading time":"1 minutua"},"schema":{"@context":"https:\/\/schema.org","@graph":[{"@type":"WebPage","@id":"https:\/\/maval2018.com\/servicios\/","url":"https:\/\/maval2018.com\/servicios\/","name":"Servicios - Maval 2018","isPartOf":{"@id":"https:\/\/maval2018.com\/#website"},"datePublished":"2025-09-24T13:54:57+00:00","dateModified":"2025-10-17T08:38:18+00:00","breadcrumb":{"@id":"https:\/\/maval2018.com\/servicios\/#breadcrumb"},"inLanguage":"eu","potentialAction":[{"@type":"ReadAction","target":["https:\/\/maval2018.com\/servicios\/"]}]},{"@type":"BreadcrumbList","@id":"https:\/\/maval2018.com\/servicios\/#breadcrumb","itemListElement":[{"@type":"ListItem","position":1,"name":"Portada","item":"https:\/\/maval2018.com\/"},{"@type":"ListItem","position":2,"name":"Servicios"}]},{"@type":"WebSite","@id":"https:\/\/maval2018.com\/#website","url":"https:\/\/maval2018.com\/","name":"Maval 2018","description":"Construcci\u00f3n Naval","publisher":{"@id":"https:\/\/maval2018.com\/#organization"},"potentialAction":[{"@type":"SearchAction","target":{"@type":"EntryPoint","urlTemplate":"https:\/\/maval2018.com\/?s={search_term_string}"},"query-input":{"@type":"PropertyValueSpecification","valueRequired":true,"valueName":"search_term_string"}}],"inLanguage":"eu"},{"@type":"Organization","@id":"https:\/\/maval2018.com\/#organization","name":"Maval 2018","url":"https:\/\/maval2018.com\/","logo":{"@type":"ImageObject","inLanguage":"eu","@id":"https:\/\/maval2018.com\/#\/schema\/logo\/image\/","url":"https:\/\/maval2018.com\/wp-content\/uploads\/2025\/10\/cropped-mavalgernika202508_logoarriba.jpg","contentUrl":"https:\/\/maval2018.com\/wp-content\/uploads\/2025\/10\/cropped-mavalgernika202508_logoarriba.jpg","width":346,"height":112,"caption":"Maval 2018"},"image":{"@id":"https:\/\/maval2018.com\/#\/schema\/logo\/image\/"}}]}},"_links":{"self":[{"href":"https:\/\/maval2018.com\/eu\/wp-json\/wp\/v2\/pages\/16","targetHints":{"allow":["GET"]}}],"collection":[{"href":"https:\/\/maval2018.com\/eu\/wp-json\/wp\/v2\/pages"}],"about":[{"href":"https:\/\/maval2018.com\/eu\/wp-json\/wp\/v2\/types\/page"}],"author":[{"embeddable":true,"href":"https:\/\/maval2018.com\/eu\/wp-json\/wp\/v2\/users\/1"}],"replies":[{"embeddable":true,"href":"https:\/\/maval2018.com\/eu\/wp-json\/wp\/v2\/comments?post=16"}],"version-history":[{"count":41,"href":"https:\/\/maval2018.com\/eu\/wp-json\/wp\/v2\/pages\/16\/revisions"}],"predecessor-version":[{"id":291,"href":"https:\/\/maval2018.com\/eu\/wp-json\/wp\/v2\/pages\/16\/revisions\/291"}],"wp:attachment":[{"href":"https:\/\/maval2018.com\/eu\/wp-json\/wp\/v2\/media?parent=16"}],"curies":[{"name":"wp","href":"https:\/\/api.w.org\/{rel}","templated":true}]}}